{"id":9612,"date":"2022-09-01T13:36:52","date_gmt":"2022-09-01T13:36:52","guid":{"rendered":"https:\/\/cereriaparma.it\/web\/?page_id=9612"},"modified":"2023-01-16T18:02:52","modified_gmt":"2023-01-16T18:02:52","slug":"cereria-parma-centritavola-bomboniere-complementi-arredo","status":"publish","type":"page","link":"https:\/\/cereriaparma.it\/web\/cereria-parma-centritavola-bomboniere-complementi-arredo\/","title":{"rendered":"Chi siamo"},"content":{"rendered":"\t\t<div data-elementor-type=\"wp-page\" data-elementor-id=\"9612\" class=\"elementor elementor-9612\">\n\t\t\t\t\t\t\t\t\t<section class=\"elementor-section elementor-top-section elementor-element elementor-element-617385041b251 elementor-section-content-middle g5core__el-width-1440 elementor-section-boxed elementor-section-height-default elementor-section-height-default\" data-id=\"617385041b251\" data-element_type=\"section\">\n\t\t\t\t\t\t<div class=\"elementor-container elementor-column-gap-default\">\n\t\t\t\t\t<div class=\"elementor-column elementor-col-50 elementor-top-column elementor-element elementor-element-b57c6eb\" data-id=\"b57c6eb\" data-element_type=\"column\">\n\t\t\t<div class=\"elementor-widget-wrap elementor-element-populated\">\n\t\t\t\t\t\t\t\t<div class=\"elementor-element elementor-element-1e41648 elementor-pagination-position-outside elementor-widget elementor-widget-image-carousel\" data-id=\"1e41648\" data-element_type=\"widget\" data-settings=\"{&quot;slides_to_show&quot;:&quot;1&quot;,&quot;navigation&quot;:&quot;dots&quot;,&quot;pause_on_hover&quot;:&quot;no&quot;,&quot;pause_on_interaction&quot;:&quot;no&quot;,&quot;autoplay_speed&quot;:3000,&quot;effect&quot;:&quot;fade&quot;,&quot;autoplay&quot;:&quot;yes&quot;,&quot;infinite&quot;:&quot;yes&quot;,&quot;speed&quot;:500}\" data-widget_type=\"image-carousel.default\">\n\t\t\t\t<div class=\"elementor-widget-container\">\n\t\t\t<style>\/*! elementor - v3.6.8 - 27-07-2022 *\/\n.elementor-widget-image-carousel .swiper-container{position:static}.elementor-widget-image-carousel .swiper-container .swiper-slide figure{line-height:inherit}.elementor-widget-image-carousel .swiper-slide{text-align:center}.elementor-image-carousel-wrapper:not(.swiper-container-initialized) .swiper-slide{max-width:calc(100% \/ var(--e-image-carousel-slides-to-show, 3))}<\/style>\t\t<div class=\"elementor-image-carousel-wrapper swiper-container\" dir=\"ltr\">\n\t\t\t<div class=\"elementor-image-carousel swiper-wrapper\">\n\t\t\t\t\t\t\t\t<div class=\"swiper-slide\"><figure class=\"swiper-slide-inner\"><img decoding=\"async\" class=\"swiper-slide-image\" src=\"https:\/\/cereriaparma.it\/web\/wp-content\/uploads\/2022\/09\/cereria-parma-chi-siamo-1.jpg\" alt=\"\" \/><\/figure><\/div><div class=\"swiper-slide\"><figure class=\"swiper-slide-inner\"><img decoding=\"async\" class=\"swiper-slide-image\" src=\"https:\/\/cereriaparma.it\/web\/wp-content\/uploads\/2022\/09\/cereria-parma-chi-siamo-2.jpg\" alt=\"\" \/><\/figure><\/div><div class=\"swiper-slide\"><figure class=\"swiper-slide-inner\"><img decoding=\"async\" class=\"swiper-slide-image\" src=\"https:\/\/cereriaparma.it\/web\/wp-content\/uploads\/2022\/09\/cereria-parma-chi-siamo-3ok.jpg\" alt=\"\" \/><\/figure><\/div>\t\t\t<\/div>\n\t\t\t\t\t\t\t\t\t\t\t\t<div class=\"swiper-pagination\"><\/div>\n\t\t\t\t\t\t\t\t\t\t\t\t\t<\/div>\n\t\t\t\t<\/div>\n\t\t\t\t<\/div>\n\t\t\t\t\t<\/div>\n\t\t<\/div>\n\t\t\t\t<div class=\"elementor-column elementor-col-50 elementor-top-column elementor-element elementor-element-5d99413\" data-id=\"5d99413\" data-element_type=\"column\">\n\t\t\t<div class=\"elementor-widget-wrap elementor-element-populated\">\n\t\t\t\t\t\t\t\t<div class=\"elementor-element elementor-element-4da0fc9 elementor-widget elementor-widget-ube-heading\" data-id=\"4da0fc9\" data-element_type=\"widget\" data-widget_type=\"ube-heading.default\">\n\t\t\t\t<div class=\"elementor-widget-container\">\n\t\t\t<div class=\"ube-heading\">\n\t<h2 class=\"ube-heading-title\">Dal 1938<\/h2><\/div>\t\t<\/div>\n\t\t\t\t<\/div>\n\t\t\t\t<div class=\"elementor-element elementor-element-63bf299 elementor-widget elementor-widget-text-editor\" data-id=\"63bf299\" data-element_type=\"widget\" data-widget_type=\"text-editor.default\">\n\t\t\t\t<div class=\"elementor-widget-container\">\n\t\t\t<style>\/*! elementor - v3.6.8 - 27-07-2022 *\/\n.elementor-widget-text-editor.elementor-drop-cap-view-stacked .elementor-drop-cap{background-color:#818a91;color:#fff}.elementor-widget-text-editor.elementor-drop-cap-view-framed .elementor-drop-cap{color:#818a91;border:3px solid;background-color:transparent}.elementor-widget-text-editor:not(.elementor-drop-cap-view-default) .elementor-drop-cap{margin-top:8px}.elementor-widget-text-editor:not(.elementor-drop-cap-view-default) .elementor-drop-cap-letter{width:1em;height:1em}.elementor-widget-text-editor .elementor-drop-cap{float:left;text-align:center;line-height:1;font-size:50px}.elementor-widget-text-editor .elementor-drop-cap-letter{display:inline-block}<\/style>\t\t\t\tNel cuore della Brianza in un contesto di grande espansione industriale, sin <span style=\"font-weight: 900;\">dal 1938<\/span> la Cereria Parma ha mantenuto intatta la tradizione e la cura nella produzione artigianale delle candele. Alle sue origini la Cereria Parma produceva prevalentemente semplici candele da illuminazione ecclesiastiche.<br class=\"\" \/><br class=\"\" \/>Negli ultimi decenni la sua esperienza e creativit\u00e0 produttiva l\u2019hanno portata ad ampliare la propria gamma di prodotti per rispondere ai gusti di un mercato sempre pi\u00f9 esigente e ricercato.\u00a0Le candele e i complementi proposti dalla Cereria Parma sono ideali per creare quella calda e suggestiva atmosfera che solo una candela pu\u00f2 dare.<br class=\"\" \/><br class=\"\" \/>Da diversi anni, la candela sta entrando nelle case anche in periodi e occasioni diversi dal Natale e altre celebrazioni. Il gusto e le tendenze consumistiche stanno lentamente cambiando negli ultimi anche in Italia, basti pensare alle candele galleggianti, alle torce per party estivi, alle candele profumate.<br class=\"\" \/><br class=\"\" \/>Questo genere di prodotti sono diventati oggetti comuni e possono essere inseriti senza alcun problema nelle composizioni e nelle scenografie di festa.\t\t\t\t\t\t<\/div>\n\t\t\t\t<\/div>\n\t\t\t\t\t<\/div>\n\t\t<\/div>\n\t\t\t\t\t\t\t<\/div>\n\t\t<\/section>\n\t\t\t\t<section class=\"elementor-section elementor-top-section elementor-element elementor-element-61738514c892b g5core__el-width-1440 elementor-section-boxed elementor-section-height-default elementor-section-height-default\" data-id=\"61738514c892b\" data-element_type=\"section\">\n\t\t\t\t\t\t<div class=\"elementor-container elementor-column-gap-default\">\n\t\t\t\t\t<div class=\"elementor-column elementor-col-100 elementor-top-column elementor-element elementor-element-e9d5bac\" data-id=\"e9d5bac\" data-element_type=\"column\">\n\t\t\t<div class=\"elementor-widget-wrap elementor-element-populated\">\n\t\t\t\t\t\t\t\t<div class=\"elementor-element elementor-element-f30b953 elementor-align-center elementor-widget elementor-widget-ube-heading\" data-id=\"f30b953\" data-element_type=\"widget\" data-widget_type=\"ube-heading.default\">\n\t\t\t\t<div class=\"elementor-widget-container\">\n\t\t\t<div class=\"ube-heading\">\n\t<h2 class=\"ube-heading-title\">\u201cIl profumo \u00e8 magia. \u00c8 mistero. \u00c8 incanto.\nTi dona la fragranza di un fiore. Del legno. Del mare. Il profumo domina il cuore, intrappola i ricordi e regala sogni.\u201d<\/h2><div class=\"ube-heading-description\"><p>\u301c Amanda Cattaneo \u301c<\/p><\/div><\/div>\t\t<\/div>\n\t\t\t\t<\/div>\n\t\t\t\t\t<\/div>\n\t\t<\/div>\n\t\t\t\t\t\t\t<\/div>\n\t\t<\/section>\n\t\t\t\t<section class=\"elementor-section elementor-top-section elementor-element elementor-element-3fa2fc8 g5core__el-width-1440 elementor-section-boxed elementor-section-height-default elementor-section-height-default\" data-id=\"3fa2fc8\" data-element_type=\"section\">\n\t\t\t\t\t\t<div class=\"elementor-container elementor-column-gap-default\">\n\t\t\t\t\t<div class=\"elementor-column elementor-col-50 elementor-top-column elementor-element elementor-element-2fc4a46\" data-id=\"2fc4a46\" data-element_type=\"column\">\n\t\t\t<div class=\"elementor-widget-wrap elementor-element-populated\">\n\t\t\t\t\t\t\t\t<div class=\"elementor-element elementor-element-8ba2fef elementor-invisible elementor-widget elementor-widget-ube-banner\" data-id=\"8ba2fef\" data-element_type=\"widget\" data-settings=\"{&quot;_animation&quot;:&quot;fadeInUp&quot;}\" data-widget_type=\"ube-banner.default\">\n\t\t\t\t<div class=\"elementor-widget-container\">\n\t\t\t    <div class=\"ube-banner ube-banner-layout-02 ube-banner-has-effect ube-banner-effect-flash ube-banner-effect-img-zoom-in\">\n        <div class=\"ube-banner-image\">\n\t\t\t            <div class=\"g5core__ll-background ube-banner-bg\" data-bg=\"https:\/\/cereriaparma.it\/web\/wp-content\/uploads\/2022\/08\/box-sconti-bg.jpg\" style=\"background-image : url(https:\/\/cereriaparma.it\/web\/wp-content\/uploads\/2022\/08\/box-sconti-bg.jpg)\">\n            <\/div>\n        <\/div>\n        <div class=\"ube-banner-content\">\n\t\t\t\t\t\t<h4 class=\"ube-banner-title\">                    <a href=\"https:\/\/cereriaparma.it\/web\/cereria-parma-contatti\/\">\n\t\t\t\t\t\tAREA DOWNLOAD                    <\/a>\n\t\t\t\t<\/h4>\t\t\t\t\t\t                <div class=\"ube-banner-description\">\n\t\t\t\t\t<p style=\"max-width: 310px\">Il Catalogo<br class=\"\" \/><span style=\"font-weight: 900\">COLLECTION<\/span><\/p>                <\/div>\n\t\t\t\t\t\t\t\t\t\t\t\t\t                    <a href=\"https:\/\/cereriaparma.it\/web\/cereria-parma-contatti\/\" class=\"btn ube-banner-btn btn-md btn-rounded btn-light\">\n\t\t\t\t\t\t\t\t\t\t\t\tRichiedi\t\t\t\t\t\t                    <\/a>\n\t\t\t\t\t\t\t\t\t\t        <\/div>\n    <\/div>\n\t\t<\/div>\n\t\t\t\t<\/div>\n\t\t\t\t\t<\/div>\n\t\t<\/div>\n\t\t\t\t<div class=\"elementor-column elementor-col-50 elementor-top-column elementor-element elementor-element-cc5fee6\" data-id=\"cc5fee6\" data-element_type=\"column\">\n\t\t\t<div class=\"elementor-widget-wrap elementor-element-populated\">\n\t\t\t\t\t\t\t\t<div class=\"elementor-element elementor-element-478cdd2 elementor-invisible elementor-widget elementor-widget-ube-banner\" data-id=\"478cdd2\" data-element_type=\"widget\" data-settings=\"{&quot;_animation&quot;:&quot;fadeInUp&quot;}\" data-widget_type=\"ube-banner.default\">\n\t\t\t\t<div class=\"elementor-widget-container\">\n\t\t\t    <div class=\"ube-banner ube-banner-layout-02 ube-banner-has-effect ube-banner-effect-flash ube-banner-effect-img-zoom-in\">\n        <div class=\"ube-banner-image\">\n\t\t\t            <div class=\"g5core__ll-background ube-banner-bg\" data-bg=\"https:\/\/cereriaparma.it\/web\/wp-content\/uploads\/2022\/09\/box-incanto-bg4.jpg\" style=\"background-image : url(https:\/\/cereriaparma.it\/web\/wp-content\/uploads\/2022\/09\/box-incanto-bg4.jpg)\">\n            <\/div>\n        <\/div>\n        <div class=\"ube-banner-content\">\n\t\t\t\t\t\t<h4 class=\"ube-banner-title\">                    <a href=\"https:\/\/cereriaparma.it\/web\/cereria-parma-contatti\/\">\n\t\t\t\t\t\tAREA DOWNLOAD                    <\/a>\n\t\t\t\t<\/h4>\t\t\t\t\t\t                <div class=\"ube-banner-description\">\n\t\t\t\t\t<p style=\"max-width: 310px\">Il Catalogo<br class=\"\" \/><span style=\"font-weight: 900\">INCANTO<\/span><\/p>                <\/div>\n\t\t\t\t\t\t\t\t\t\t\t\t\t                    <a href=\"https:\/\/cereriaparma.it\/web\/cereria-parma-contatti\/\" class=\"btn ube-banner-btn btn-md btn-rounded btn-light\">\n\t\t\t\t\t\t\t\t\t\t\t\tRichiedi\t\t\t\t\t\t                    <\/a>\n\t\t\t\t\t\t\t\t\t\t        <\/div>\n    <\/div>\n\t\t<\/div>\n\t\t\t\t<\/div>\n\t\t\t\t\t<\/div>\n\t\t<\/div>\n\t\t\t\t\t\t\t<\/div>\n\t\t<\/section>\n\t\t\t\t\t\t\t<\/div>\n\t\t","protected":false},"excerpt":{"rendered":"<p>Dal 1938 Nel cuore della Brianza in un contesto di grande espansione industriale, sin dal 1938 la Cereria Parma ha mantenuto intatta la tradizione e la cura nella produzione artigianale delle candele. Alle sue origini la Cereria Parma produceva prevalentemente semplici candele da illuminazione ecclesiastiche. Negli ultimi decenni la sua esperienza e creativit\u00e0 produttiva l\u2019hanno [&hellip;]<\/p>\n","protected":false},"author":1,"featured_media":0,"parent":0,"menu_order":0,"comment_status":"closed","ping_status":"closed","template":"elementor_header_footer","meta":{"inline_featured_image":false,"_monsterinsights_skip_tracking":false,"_monsterinsights_sitenote_active":false,"_monsterinsights_sitenote_note":"","_monsterinsights_sitenote_category":0,"footnotes":""},"class_list":["post-9612","page","type-page","status-publish","hentry"],"yoast_head":"<!-- This site is optimized with the Yoast SEO plugin v22.3 - https:\/\/yoast.com\/wordpress\/plugins\/seo\/ -->\n<title>Chi siamo - Cereria Parma<\/title>\n<meta name=\"robots\" content=\"index, follow, max-snippet:-1, max-image-preview:large, max-video-preview:-1\" \/>\n<link rel=\"canonical\" href=\"https:\/\/cereriaparma.it\/web\/cereria-parma-centritavola-bomboniere-complementi-arredo\/\" \/>\n<meta property=\"og:locale\" content=\"it_IT\" \/>\n<meta property=\"og:type\" content=\"article\" \/>\n<meta property=\"og:title\" content=\"Chi siamo - Cereria Parma\" \/>\n<meta property=\"og:description\" content=\"Dal 1938 Nel cuore della Brianza in un contesto di grande espansione industriale, sin dal 1938 la Cereria Parma ha mantenuto intatta la tradizione e la cura nella produzione artigianale delle candele. Alle sue origini la Cereria Parma produceva prevalentemente semplici candele da illuminazione ecclesiastiche. Negli ultimi decenni la sua esperienza e creativit\u00e0 produttiva l\u2019hanno [&hellip;]\" \/>\n<meta property=\"og:url\" content=\"https:\/\/cereriaparma.it\/web\/cereria-parma-centritavola-bomboniere-complementi-arredo\/\" \/>\n<meta property=\"og:site_name\" content=\"Cereria Parma\" \/>\n<meta property=\"article:publisher\" content=\"https:\/\/www.facebook.com\/CereriaParmaSas\/\" \/>\n<meta property=\"article:modified_time\" content=\"2023-01-16T18:02:52+00:00\" \/>\n<meta property=\"og:image\" content=\"https:\/\/cereriaparma.it\/web\/wp-content\/uploads\/2022\/09\/cereria-parma-chi-siamo-1.jpg\" \/>\n<meta name=\"twitter:card\" content=\"summary_large_image\" \/>\n<meta name=\"twitter:label1\" content=\"Tempo di lettura stimato\" \/>\n\t<meta name=\"twitter:data1\" content=\"3 minuti\" \/>\n<script type=\"application\/ld+json\" class=\"yoast-schema-graph\">{\"@context\":\"https:\/\/schema.org\",\"@graph\":[{\"@type\":\"WebPage\",\"@id\":\"https:\/\/cereriaparma.it\/web\/cereria-parma-centritavola-bomboniere-complementi-arredo\/\",\"url\":\"https:\/\/cereriaparma.it\/web\/cereria-parma-centritavola-bomboniere-complementi-arredo\/\",\"name\":\"Chi siamo - Cereria Parma\",\"isPartOf\":{\"@id\":\"https:\/\/cereriaparma.it\/web\/#website\"},\"primaryImageOfPage\":{\"@id\":\"https:\/\/cereriaparma.it\/web\/cereria-parma-centritavola-bomboniere-complementi-arredo\/#primaryimage\"},\"image\":{\"@id\":\"https:\/\/cereriaparma.it\/web\/cereria-parma-centritavola-bomboniere-complementi-arredo\/#primaryimage\"},\"thumbnailUrl\":\"https:\/\/cereriaparma.it\/web\/wp-content\/uploads\/2022\/09\/cereria-parma-chi-siamo-1.jpg\",\"datePublished\":\"2022-09-01T13:36:52+00:00\",\"dateModified\":\"2023-01-16T18:02:52+00:00\",\"breadcrumb\":{\"@id\":\"https:\/\/cereriaparma.it\/web\/cereria-parma-centritavola-bomboniere-complementi-arredo\/#breadcrumb\"},\"inLanguage\":\"it-IT\",\"potentialAction\":[{\"@type\":\"ReadAction\",\"target\":[\"https:\/\/cereriaparma.it\/web\/cereria-parma-centritavola-bomboniere-complementi-arredo\/\"]}]},{\"@type\":\"ImageObject\",\"inLanguage\":\"it-IT\",\"@id\":\"https:\/\/cereriaparma.it\/web\/cereria-parma-centritavola-bomboniere-complementi-arredo\/#primaryimage\",\"url\":\"https:\/\/cereriaparma.it\/web\/wp-content\/uploads\/2022\/09\/cereria-parma-chi-siamo-1.jpg\",\"contentUrl\":\"https:\/\/cereriaparma.it\/web\/wp-content\/uploads\/2022\/09\/cereria-parma-chi-siamo-1.jpg\",\"width\":1200,\"height\":866},{\"@type\":\"BreadcrumbList\",\"@id\":\"https:\/\/cereriaparma.it\/web\/cereria-parma-centritavola-bomboniere-complementi-arredo\/#breadcrumb\",\"itemListElement\":[{\"@type\":\"ListItem\",\"position\":1,\"name\":\"Home\",\"item\":\"https:\/\/cereriaparma.it\/web\/\"},{\"@type\":\"ListItem\",\"position\":2,\"name\":\"Chi siamo\"}]},{\"@type\":\"WebSite\",\"@id\":\"https:\/\/cereriaparma.it\/web\/#website\",\"url\":\"https:\/\/cereriaparma.it\/web\/\",\"name\":\"Cereria Parma\",\"description\":\"Cerai italiani dal 1938\",\"publisher\":{\"@id\":\"https:\/\/cereriaparma.it\/web\/#organization\"},\"potentialAction\":[{\"@type\":\"SearchAction\",\"target\":{\"@type\":\"EntryPoint\",\"urlTemplate\":\"https:\/\/cereriaparma.it\/web\/?s={search_term_string}\"},\"query-input\":\"required name=search_term_string\"}],\"inLanguage\":\"it-IT\"},{\"@type\":\"Organization\",\"@id\":\"https:\/\/cereriaparma.it\/web\/#organization\",\"name\":\"Cereria Parma\",\"url\":\"https:\/\/cereriaparma.it\/web\/\",\"logo\":{\"@type\":\"ImageObject\",\"inLanguage\":\"it-IT\",\"@id\":\"https:\/\/cereriaparma.it\/web\/#\/schema\/logo\/image\/\",\"url\":\"https:\/\/cereriaparma.it\/web\/wp-content\/uploads\/2024\/03\/cereria-parma-logo_simple-new.svg\",\"contentUrl\":\"https:\/\/cereriaparma.it\/web\/wp-content\/uploads\/2024\/03\/cereria-parma-logo_simple-new.svg\",\"width\":79,\"height\":83,\"caption\":\"Cereria Parma\"},\"image\":{\"@id\":\"https:\/\/cereriaparma.it\/web\/#\/schema\/logo\/image\/\"},\"sameAs\":[\"https:\/\/www.facebook.com\/CereriaParmaSas\/\",\"https:\/\/www.instagram.com\/cereriaparma\/\"]}]}<\/script>\n<!-- \/ Yoast SEO plugin. -->","yoast_head_json":{"title":"Chi siamo - Cereria Parma","robots":{"index":"index","follow":"follow","max-snippet":"max-snippet:-1","max-image-preview":"max-image-preview:large","max-video-preview":"max-video-preview:-1"},"canonical":"https:\/\/cereriaparma.it\/web\/cereria-parma-centritavola-bomboniere-complementi-arredo\/","og_locale":"it_IT","og_type":"article","og_title":"Chi siamo - Cereria Parma","og_description":"Dal 1938 Nel cuore della Brianza in un contesto di grande espansione industriale, sin dal 1938 la Cereria Parma ha mantenuto intatta la tradizione e la cura nella produzione artigianale delle candele. Alle sue origini la Cereria Parma produceva prevalentemente semplici candele da illuminazione ecclesiastiche. Negli ultimi decenni la sua esperienza e creativit\u00e0 produttiva l\u2019hanno [&hellip;]","og_url":"https:\/\/cereriaparma.it\/web\/cereria-parma-centritavola-bomboniere-complementi-arredo\/","og_site_name":"Cereria Parma","article_publisher":"https:\/\/www.facebook.com\/CereriaParmaSas\/","article_modified_time":"2023-01-16T18:02:52+00:00","og_image":[{"url":"https:\/\/cereriaparma.it\/web\/wp-content\/uploads\/2022\/09\/cereria-parma-chi-siamo-1.jpg"}],"twitter_card":"summary_large_image","twitter_misc":{"Tempo di lettura stimato":"3 minuti"},"schema":{"@context":"https:\/\/schema.org","@graph":[{"@type":"WebPage","@id":"https:\/\/cereriaparma.it\/web\/cereria-parma-centritavola-bomboniere-complementi-arredo\/","url":"https:\/\/cereriaparma.it\/web\/cereria-parma-centritavola-bomboniere-complementi-arredo\/","name":"Chi siamo - Cereria Parma","isPartOf":{"@id":"https:\/\/cereriaparma.it\/web\/#website"},"primaryImageOfPage":{"@id":"https:\/\/cereriaparma.it\/web\/cereria-parma-centritavola-bomboniere-complementi-arredo\/#primaryimage"},"image":{"@id":"https:\/\/cereriaparma.it\/web\/cereria-parma-centritavola-bomboniere-complementi-arredo\/#primaryimage"},"thumbnailUrl":"https:\/\/cereriaparma.it\/web\/wp-content\/uploads\/2022\/09\/cereria-parma-chi-siamo-1.jpg","datePublished":"2022-09-01T13:36:52+00:00","dateModified":"2023-01-16T18:02:52+00:00","breadcrumb":{"@id":"https:\/\/cereriaparma.it\/web\/cereria-parma-centritavola-bomboniere-complementi-arredo\/#breadcrumb"},"inLanguage":"it-IT","potentialAction":[{"@type":"ReadAction","target":["https:\/\/cereriaparma.it\/web\/cereria-parma-centritavola-bomboniere-complementi-arredo\/"]}]},{"@type":"ImageObject","inLanguage":"it-IT","@id":"https:\/\/cereriaparma.it\/web\/cereria-parma-centritavola-bomboniere-complementi-arredo\/#primaryimage","url":"https:\/\/cereriaparma.it\/web\/wp-content\/uploads\/2022\/09\/cereria-parma-chi-siamo-1.jpg","contentUrl":"https:\/\/cereriaparma.it\/web\/wp-content\/uploads\/2022\/09\/cereria-parma-chi-siamo-1.jpg","width":1200,"height":866},{"@type":"BreadcrumbList","@id":"https:\/\/cereriaparma.it\/web\/cereria-parma-centritavola-bomboniere-complementi-arredo\/#breadcrumb","itemListElement":[{"@type":"ListItem","position":1,"name":"Home","item":"https:\/\/cereriaparma.it\/web\/"},{"@type":"ListItem","position":2,"name":"Chi siamo"}]},{"@type":"WebSite","@id":"https:\/\/cereriaparma.it\/web\/#website","url":"https:\/\/cereriaparma.it\/web\/","name":"Cereria Parma","description":"Cerai italiani dal 1938","publisher":{"@id":"https:\/\/cereriaparma.it\/web\/#organization"},"potentialAction":[{"@type":"SearchAction","target":{"@type":"EntryPoint","urlTemplate":"https:\/\/cereriaparma.it\/web\/?s={search_term_string}"},"query-input":"required name=search_term_string"}],"inLanguage":"it-IT"},{"@type":"Organization","@id":"https:\/\/cereriaparma.it\/web\/#organization","name":"Cereria Parma","url":"https:\/\/cereriaparma.it\/web\/","logo":{"@type":"ImageObject","inLanguage":"it-IT","@id":"https:\/\/cereriaparma.it\/web\/#\/schema\/logo\/image\/","url":"https:\/\/cereriaparma.it\/web\/wp-content\/uploads\/2024\/03\/cereria-parma-logo_simple-new.svg","contentUrl":"https:\/\/cereriaparma.it\/web\/wp-content\/uploads\/2024\/03\/cereria-parma-logo_simple-new.svg","width":79,"height":83,"caption":"Cereria Parma"},"image":{"@id":"https:\/\/cereriaparma.it\/web\/#\/schema\/logo\/image\/"},"sameAs":["https:\/\/www.facebook.com\/CereriaParmaSas\/","https:\/\/www.instagram.com\/cereriaparma\/"]}]}},"_links":{"self":[{"href":"https:\/\/cereriaparma.it\/web\/wp-json\/wp\/v2\/pages\/9612","targetHints":{"allow":["GET"]}}],"collection":[{"href":"https:\/\/cereriaparma.it\/web\/wp-json\/wp\/v2\/pages"}],"about":[{"href":"https:\/\/cereriaparma.it\/web\/wp-json\/wp\/v2\/types\/page"}],"author":[{"embeddable":true,"href":"https:\/\/cereriaparma.it\/web\/wp-json\/wp\/v2\/users\/1"}],"replies":[{"embeddable":true,"href":"https:\/\/cereriaparma.it\/web\/wp-json\/wp\/v2\/comments?post=9612"}],"version-history":[{"count":82,"href":"https:\/\/cereriaparma.it\/web\/wp-json\/wp\/v2\/pages\/9612\/revisions"}],"predecessor-version":[{"id":28281,"href":"https:\/\/cereriaparma.it\/web\/wp-json\/wp\/v2\/pages\/9612\/revisions\/28281"}],"wp:attachment":[{"href":"https:\/\/cereriaparma.it\/web\/wp-json\/wp\/v2\/media?parent=9612"}],"curies":[{"name":"wp","href":"https:\/\/api.w.org\/{rel}","templated":true}]}}